{"id":164,"date":"2023-03-10T17:45:17","date_gmt":"2023-03-10T16:45:17","guid":{"rendered":"https:\/\/www.lena-it.fr\/?page_id=164"},"modified":"2023-03-10T17:47:23","modified_gmt":"2023-03-10T16:47:23","slug":"mentions-legales","status":"publish","type":"page","link":"https:\/\/www.lena-it.fr\/index.php\/mentions-legales\/","title":{"rendered":"Mentions l\u00e9gales"},"content":{"rendered":"<p>[et_pb_section fb_built=\u00a0\u00bb1&Prime; theme_builder_area=\u00a0\u00bbpost_content\u00a0\u00bb _builder_version=\u00a0\u00bb4.20.2&Prime; _module_preset=\u00a0\u00bbdefault\u00a0\u00bb][et_pb_row _builder_version=\u00a0\u00bb4.20.2&Prime; _module_preset=\u00a0\u00bbdefault\u00a0\u00bb theme_builder_area=\u00a0\u00bbpost_content\u00a0\u00bb][et_pb_column _builder_version=\u00a0\u00bb4.20.2&Prime; _module_preset=\u00a0\u00bbdefault\u00a0\u00bb type=\u00a0\u00bb4_4&Prime; theme_builder_area=\u00a0\u00bbpost_content\u00a0\u00bb][et_pb_text _builder_version=\u00a0\u00bb4.20.2&Prime; _module_preset=\u00a0\u00bbdefault\u00a0\u00bb theme_builder_area=\u00a0\u00bbpost_content\u00a0\u00bb hover_enabled=\u00a0\u00bb0&Prime; sticky_enabled=\u00a0\u00bb0&Prime; text_text_color=\u00a0\u00bb#1F2122&Prime; text_font_size=\u00a0\u00bb16px\u00a0\u00bb header_font_size=\u00a0\u00bb40px\u00a0\u00bb header_4_font_size=\u00a0\u00bb22px\u00a0\u00bb header_4_line_height=\u00a0\u00bb2em\u00a0\u00bb header_line_height=\u00a0\u00bb2em\u00a0\u00bb]<\/p>\n<h1 class=\"has-text-align-center alignfull titlelenait wp-block-post-title\">Mentions L\u00e9gales<\/h1>\n<div class=\"is-layout-constrained entry-content wp-block-post-content\">\n<h4><\/h4>\n<h4><\/h4>\n<h4>Edition Du Site Internet<\/h4>\n<p>Le site LENA IT (ci-apr\u00e8s \u00ab\u00a0le Site\u00a0\u00bb), accessible \u00e0 l\u2019adresse\u00a0<a href=\"https:\/\/www.lena-it.fr\/\">www.lena-it.fr<\/a>\u00a0est \u00e9dit\u00e9 par la soci\u00e9t\u00e9 LENA IT (ci-apr\u00e8s \u00ab\u00a0l\u2019Editeur\u00a0\u00bb), EURL au capital de 1000 euros, dont le si\u00e8ge social est situ\u00e9 60 Rue Fran\u00e7ois 1er, 75008 Paris, France (<a href=\"mailto:contact@lena-it.fr\">contact@lena-it.fr<\/a>).<\/p>\n<p>RCS 908\u00a0364\u00a0771 PARIS<\/p>\n<h4>R\u00e9daction Du Site Internet<\/h4>\n<p>Directeur de la publication : Antoinette HELAL<\/p>\n<p>Contact :\u00a0<a href=\"mailto:contact@lena-it.fr\">contact@lena-it.fr<\/a><\/p>\n<h4>R\u00e9daction Des Mentions L\u00e9gales<\/h4>\n<p>D\u00e9nomination sociale : Captain Contrat<\/p>\n<p>Adresse si\u00e8ge social : 12 rue saint-fiacre, 75002 Paris<\/p>\n<p>Site internet :\u00a0<a href=\"https:\/\/www.captaincontrat.com\/\" target=\"_blank\" rel=\"noreferrer noopener\">www.captaincontrat.com<\/a><\/p>\n<h4>H\u00e9bergeur Du Site Internet<\/h4>\n<p>Le site LENA IT est h\u00e9berg\u00e9 par OVH, SAS au capital de 10 069 020 euros, dont le si\u00e8ge social est situ\u00e9 2 rue Kellermann \u2013 59100 Roubaix \u2013 France, joignable par le moyen suivant\u00a0:\u00a0<a href=\"mailto:contact@ovh.com\">contact@ovh.com<\/a>.<\/p>\n<h4>Respect De La Propri\u00e9t\u00e9 Intellectuelle<\/h4>\n<p>Toutes les marques, photographies, textes, commentaires, illustrations, images anim\u00e9es ou non, s\u00e9quences vid\u00e9o, sons, ainsi que toutes les applications informatiques qui pourraient \u00eatre utilis\u00e9es pour faire fonctionner le Site et plus g\u00e9n\u00e9ralement tous les \u00e9l\u00e9ments reproduits ou utilis\u00e9s sur le Site sont prot\u00e9g\u00e9s par les lois en vigueur au titre de la propri\u00e9t\u00e9 intellectuelle.<\/p>\n<p>Ils sont la propri\u00e9t\u00e9 pleine et enti\u00e8re de l\u2019Editeur ou de ses partenaires, sauf mentions particuli\u00e8res. Toute reproduction, repr\u00e9sentation, utilisation ou adaptation, sous quelque forme que ce soit, de tout ou partie de ces \u00e9l\u00e9ments, y compris les applications informatiques, sans l\u2019accord pr\u00e9alable et \u00e9crit de l\u2019Editeur, sont strictement interdites. Le fait pour l\u2019Editeur de ne pas engager de proc\u00e9dure d\u00e8s la prise de connaissance de ces utilisations non autoris\u00e9es ne vaut pas acceptation desdites utilisations et renonciation aux poursuites.<\/p>\n<p>Seule l\u2019utilisation pour un usage priv\u00e9 dans un cercle de famille est autoris\u00e9e et toute autre utilisation est constitutive de contrefa\u00e7on et\/ou d\u2019atteinte aux droits voisins, sanctionn\u00e9es par Code de la propri\u00e9t\u00e9 intellectuelle.<\/p>\n<\/div>\n<p>[\/et_pb_text][\/et_pb_column][\/et_pb_row][\/et_pb_section]<\/p>\n","protected":false},"excerpt":{"rendered":"<p>Mentions L\u00e9gales Edition Du Site Internet Le site LENA IT (ci-apr\u00e8s \u00ab\u00a0le Site\u00a0\u00bb), accessible \u00e0 l\u2019adresse\u00a0www.lena-it.fr\u00a0est \u00e9dit\u00e9 par la soci\u00e9t\u00e9 LENA IT (ci-apr\u00e8s \u00ab\u00a0l\u2019Editeur\u00a0\u00bb), EURL au capital de 1000 euros, dont le si\u00e8ge social est situ\u00e9 60 Rue Fran\u00e7ois 1er, 75008 Paris, France (contact@lena-it.fr). RCS 908\u00a0364\u00a0771 PARIS R\u00e9daction Du Site Internet Directeur de la publication [&hellip;]<\/p>\n","protected":false},"author":3,"featured_media":0,"parent":0,"menu_order":0,"comment_status":"closed","ping_status":"closed","template":"","meta":{"_et_pb_use_builder":"on","_et_pb_old_content":"","_et_gb_content_width":"","content-type":"","_sitemap_exclude":false,"_sitemap_priority":"","_sitemap_frequency":"","footnotes":""},"class_list":["post-164","page","type-page","status-publish","hentry"],"_links":{"self":[{"href":"https:\/\/www.lena-it.fr\/index.php\/wp-json\/wp\/v2\/pages\/164","targetHints":{"allow":["GET"]}}],"collection":[{"href":"https:\/\/www.lena-it.fr\/index.php\/wp-json\/wp\/v2\/pages"}],"about":[{"href":"https:\/\/www.lena-it.fr\/index.php\/wp-json\/wp\/v2\/types\/page"}],"author":[{"embeddable":true,"href":"https:\/\/www.lena-it.fr\/index.php\/wp-json\/wp\/v2\/users\/3"}],"replies":[{"embeddable":true,"href":"https:\/\/www.lena-it.fr\/index.php\/wp-json\/wp\/v2\/comments?post=164"}],"version-history":[{"count":2,"href":"https:\/\/www.lena-it.fr\/index.php\/wp-json\/wp\/v2\/pages\/164\/revisions"}],"predecessor-version":[{"id":166,"href":"https:\/\/www.lena-it.fr\/index.php\/wp-json\/wp\/v2\/pages\/164\/revisions\/166"}],"wp:attachment":[{"href":"https:\/\/www.lena-it.fr\/index.php\/wp-json\/wp\/v2\/media?parent=164"}],"curies":[{"name":"wp","href":"https:\/\/api.w.org\/{rel}","templated":true}]}}